{"id":3,"date":"2021-10-21T19:08:03","date_gmt":"2021-10-21T17:08:03","guid":{"rendered":"http:\/\/enviplus.fr\/?page_id=3"},"modified":"2022-09-20T10:53:59","modified_gmt":"2022-09-20T08:53:59","slug":"politique-de-confidentialite","status":"publish","type":"page","link":"https:\/\/enviplus.fr\/index.php\/politique-de-confidentialite\/","title":{"rendered":"Politique de confidentialit\u00e9"},"content":{"rendered":"\n<p>Politique de confidentialit\u00e9<\/p>\n\n\n\n<p>site internet\u00a0\u00a0<a href=\"https:\/\/enviplus.fr\">https:\/\/enviplus.fr<\/a><\/p>\n\n\n\n<p>Identit\u00e9 et coordonn\u00e9es\u00a0de l\u2019organisme :<\/p>\n\n\n\n<p>Association Environnement plus<\/p>\n\n\n\n<p>Chemin du Roc, 47200 Marmande<\/p>\n\n\n\n<p><strong>Mail<\/strong>\u00a0:\u00a0directeur.enviplus@gmail.Com<\/p>\n\n\n\n<p><strong>T\u00e9l.<\/strong>\u00a0: +33 (05) 53 89 19 15<\/p>\n\n\n\n<p>Coordonn\u00e9es du d\u00e9l\u00e9gu\u00e9 \u00e0 la protection des donn\u00e9es :<\/p>\n\n\n\n<p>Jules Henri Gonzales<\/p>\n\n\n\n<p>Chemin du ROc \u2013 47200 Marmande<\/p>\n\n\n\n<p><strong>Mail<\/strong>&nbsp;:&nbsp;directeur.enviplus@gmail.Com<\/p>\n\n\n\n<p><strong>T\u00e9l.<\/strong>&nbsp;: +33 (05) 53 89 19 15<\/p>\n\n\n\n<p><strong>Donn\u00e9es personnelles r\u00e9colt\u00e9s\u00a0:<\/strong><\/p>\n\n\n\n<p>Trois types de donn\u00e9es \u00e0 caract\u00e8re personnel sont collect\u00e9s sur le site : https:\/\/enviplus.Fr<\/p>\n\n\n\n<ul class=\"wp-block-list\"><li>Donn\u00e9es saisies et envoy\u00e9es via le formulaire de contact<\/li><li>Donn\u00e9es saisies et envoy\u00e9es via le formulaire d\u2019inscription \u00e0 la newsletter<\/li><li>Donn\u00e9es collect\u00e9es par l\u2019outil de mesure d\u2019audience Google Analytics<\/li><\/ul>\n\n\n\n<p><strong>Finalit\u00e9 de la collecte des donn\u00e9es personnels :<\/strong><\/p>\n\n\n\n<p><strong>Des renseignements personnels sont collect\u00e9s par le biais du formulaire de contact et ont pour but de&nbsp;:<\/strong><\/p>\n\n\n\n<p>\u2013 recontacter les personnes qui ont laiss\u00e9 leurs informations de contact dans le&nbsp;cadre de la relation commerciale<\/p>\n\n\n\n<p>En soumettant le formulaire et en cochant la case \u00e0 cocher de consentement du formulaire, l\u2019internaute donne express\u00e9ment son accord pour que les donn\u00e9es \u00e0 caract\u00e8re personnel soient trait\u00e9es pour la finalit\u00e9 d\u00e9crite.<\/p>\n\n\n\n<p>Dans ce but, vos donn\u00e9es sont conserv\u00e9es pour une dur\u00e9e d\u2019un an \u00e0 compter de l\u2019envoi du formulaire.<\/p>\n\n\n\n<p><strong>Des renseignements personnels sont collect\u00e9s par le biais du formulaire d\u2019inscription \u00e0 la newsletter et ont pour but de&nbsp;:<\/strong><\/p>\n\n\n\n<p>\u2013 recontacter les personnes qui ont laiss\u00e9 leurs informations de contact pour l\u2019envoie des lettres d\u2019informations (Newsletter)<\/p>\n\n\n\n<p>En soumettant le formulaire et en cochant la case \u00e0 cocher de consentement du formulaire, l\u2019internaute donne express\u00e9ment son accord pour que les donn\u00e9es \u00e0 caract\u00e8re personnel soient trait\u00e9es pour la finalit\u00e9 d\u00e9crite.<\/p>\n\n\n\n<p>Dans ce but, vos donn\u00e9es sont conserv\u00e9es pour une dur\u00e9e de 3 ans \u00e0 compter de l\u2019envoi du formulaire.<\/p>\n\n\n\n<p><strong>Des donn\u00e9es personnels sont collect\u00e9s \u00e0 travers l\u2019outil de suivi d\u2019audience Google Analytics et ont pour but de&nbsp;:<\/strong><\/p>\n\n\n\n<p>\u2013 Analyser le comportement des internautes sur le site afin de pouvoir mesurer leur audience et am\u00e9liorer leur performance.Les cookies sont des fichiers texte install\u00e9s sur le terminal des internautes. Ils ne contiennent aucune information nominative, uniquement des identifiants cr\u00e9\u00e9s de mani\u00e8re al\u00e9atoire.<\/p>\n\n\n\n<p>Vous pouvez r\u00e9gler vos pr\u00e9f\u00e9rences de cookie lors de votre premi\u00e8re connexion au site.<\/p>\n\n\n\n<p>Les cookies utilis\u00e9s par l\u2019outil de mesure d\u2019audience Google Analytics ont les dur\u00e9es de vie suivantes :<br>_ga : 2 ans<br>_gid : 24 heures<br>_gat : 1 minute<\/p>\n\n\n\n<p><strong>Droit d\u2019opposition et de retrait&nbsp;:<\/strong><\/p>\n\n\n\n<p>Nous nous engageons \u00e0 vous offrir un droit d\u2019opposition et de retrait quant \u00e0 vos renseignements personnels. Le droit d\u2019opposition s\u2019entend comme \u00e9tant la possibilit\u00e9 offerte aux internautes de refuser que leurs renseignements personnels soient utilis\u00e9es \u00e0 certaines fins mentionn\u00e9es lors de la collecte.<\/p>\n\n\n\n<p>Pour pouvoir exercer ces droits, vous pouvez nous contacter par :<br>Voie postale :<\/p>\n\n\n\n<p>Enviplus &#8211; Chemin du Roc 47200 Marmande<\/p>\n\n\n\n<p><strong>Mail<\/strong>&nbsp;:&nbsp;directeur.enviplus@gmail.Com<\/p>\n\n\n\n<p><strong>T\u00e9l.<\/strong>&nbsp;: +33 (05) 53 89 19 15<\/p>\n\n\n\n<p><strong>Droit d\u2019acc\u00e8s&nbsp;:<\/strong><\/p>\n\n\n\n<p>Nous nous engageons \u00e0 reconna\u00eetre un droit d\u2019acc\u00e8s et de rectification aux personnes concern\u00e9es d\u00e9sireuses de consulter, modifier, voire radier les informations les concernant. L\u2019exercice de ce droit se fera par :<\/p>\n\n\n\n<p>Enviplus &#8211; Chemin du Roc 47200 Marmande<\/p>\n\n\n\n<p><strong>Mail<\/strong>&nbsp;:&nbsp;directeur.enviplus@gmail.Com<\/p>\n\n\n\n<p><strong>T\u00e9l.<\/strong>&nbsp;: +33 (05) 53 89 19 15<\/p>\n\n\n\n<p><strong>S\u00e9curit\u00e9&nbsp;:<\/strong><\/p>\n\n\n\n<p>Les renseignements personnels que nous collectons sont conserv\u00e9s dans un environnement s\u00e9curis\u00e9. Les personnes travaillant pour nous sont tenues de respecter la confidentialit\u00e9 de vos informations. Pour assurer la s\u00e9curit\u00e9 de vos renseignements personnels, nous avons recours aux mesures suivantes :<\/p>\n\n\n\n<ul class=\"wp-block-list\"><li>Protocole SSL (Secure Sockets Layer)<\/li><li>Gestion des acc\u00e8s \u2013 personne autoris\u00e9e<\/li><li>Sauvegarde informatique<\/li><li>Pare-feu (Firewalls)<\/li><\/ul>\n\n\n\n<p>Nous nous engageons \u00e0 maintenir un haut degr\u00e9 de confidentialit\u00e9 en int\u00e9grant les derni\u00e8res innovations technologiques permettant d\u2019assurer la confidentialit\u00e9 de vos transactions. Toutefois, comme aucun m\u00e9canisme n\u2019offre une s\u00e9curit\u00e9 maximale, une part de risque est toujours pr\u00e9sente lorsque l\u2019on utilise Internet pour transmettre des renseignements personnels.<\/p>\n\n\n\n<p><strong>L\u00e9gislation&nbsp;:<\/strong><\/p>\n\n\n\n<p>Nous nous engageons \u00e0 respecter les dispositions l\u00e9gislatives du R\u00e8glement g\u00e9n\u00e9ral sur la protection des donn\u00e9es (RGPD)<\/p>\n","protected":false},"excerpt":{"rendered":"<p>Politique de confidentialit\u00e9 site internet\u00a0\u00a0https:\/\/enviplus.fr Identit\u00e9 et coordonn\u00e9es\u00a0de l\u2019organisme : Association Environnement plus Chemin du Roc, 47200 Marmande Mail\u00a0:\u00a0directeur.enviplus@gmail.Com T\u00e9l.\u00a0: +33 (05) 53 89 19 15 Coordonn\u00e9es du d\u00e9l\u00e9gu\u00e9 \u00e0 la protection des donn\u00e9es : Jules Henri Gonzales Chemin du ROc \u2013 47200 Marmande Mail&nbsp;:&nbsp;directeur.enviplus@gmail.Com T\u00e9l.&nbsp;: +33 (05) 53 89 19 15 Donn\u00e9es personnelles r\u00e9colt\u00e9s\u00a0:&hellip;<\/p>\n","protected":false},"author":1,"featured_media":0,"parent":0,"menu_order":0,"comment_status":"closed","ping_status":"open","template":"","meta":{"footnotes":""},"class_list":["post-3","page","type-page","status-publish","hentry","description-off"],"yoast_head":"<!-- This site is optimized with the Yoast SEO plugin v27.4 - https:\/\/yoast.com\/product\/yoast-seo-wordpress\/ -->\n<title>Politique de confidentialit\u00e9 - Enviplus<\/title>\n<meta name=\"robots\" content=\"index, follow, max-snippet:-1, max-image-preview:large, max-video-preview:-1\" \/>\n<link rel=\"canonical\" href=\"https:\/\/enviplus.fr\/index.php\/politique-de-confidentialite\/\" \/>\n<meta property=\"og:locale\" content=\"fr_FR\" \/>\n<meta property=\"og:type\" content=\"article\" \/>\n<meta property=\"og:title\" content=\"Politique de confidentialit\u00e9 - Enviplus\" \/>\n<meta property=\"og:description\" content=\"Politique de confidentialit\u00e9 site internet\u00a0\u00a0https:\/\/enviplus.fr Identit\u00e9 et coordonn\u00e9es\u00a0de l\u2019organisme : Association Environnement plus Chemin du Roc, 47200 Marmande Mail\u00a0:\u00a0directeur.enviplus@gmail.Com T\u00e9l.\u00a0: +33 (05) 53 89 19 15 Coordonn\u00e9es du d\u00e9l\u00e9gu\u00e9 \u00e0 la protection des donn\u00e9es : Jules Henri Gonzales Chemin du ROc \u2013 47200 Marmande Mail&nbsp;:&nbsp;directeur.enviplus@gmail.Com T\u00e9l.&nbsp;: +33 (05) 53 89 19 15 Donn\u00e9es personnelles r\u00e9colt\u00e9s\u00a0:&hellip;\" \/>\n<meta property=\"og:url\" content=\"https:\/\/enviplus.fr\/index.php\/politique-de-confidentialite\/\" \/>\n<meta property=\"og:site_name\" content=\"Enviplus\" \/>\n<meta property=\"article:publisher\" content=\"https:\/\/www.facebook.com\/enviplus47\" \/>\n<meta property=\"article:modified_time\" content=\"2022-09-20T08:53:59+00:00\" \/>\n<meta name=\"twitter:card\" content=\"summary_large_image\" \/>\n<meta name=\"twitter:label1\" content=\"Dur\u00e9e de lecture estim\u00e9e\" \/>\n\t<meta name=\"twitter:data1\" content=\"4 minutes\" \/>\n<script type=\"application\/ld+json\" class=\"yoast-schema-graph\">{\"@context\":\"https:\\\/\\\/schema.org\",\"@graph\":[{\"@type\":\"WebPage\",\"@id\":\"https:\\\/\\\/enviplus.fr\\\/index.php\\\/politique-de-confidentialite\\\/\",\"url\":\"https:\\\/\\\/enviplus.fr\\\/index.php\\\/politique-de-confidentialite\\\/\",\"name\":\"Politique de confidentialit\u00e9 - Enviplus\",\"isPartOf\":{\"@id\":\"https:\\\/\\\/enviplus.fr\\\/#website\"},\"datePublished\":\"2021-10-21T17:08:03+00:00\",\"dateModified\":\"2022-09-20T08:53:59+00:00\",\"breadcrumb\":{\"@id\":\"https:\\\/\\\/enviplus.fr\\\/index.php\\\/politique-de-confidentialite\\\/#breadcrumb\"},\"inLanguage\":\"fr-FR\",\"potentialAction\":[{\"@type\":\"ReadAction\",\"target\":[\"https:\\\/\\\/enviplus.fr\\\/index.php\\\/politique-de-confidentialite\\\/\"]}]},{\"@type\":\"BreadcrumbList\",\"@id\":\"https:\\\/\\\/enviplus.fr\\\/index.php\\\/politique-de-confidentialite\\\/#breadcrumb\",\"itemListElement\":[{\"@type\":\"ListItem\",\"position\":1,\"name\":\"Home\",\"item\":\"https:\\\/\\\/enviplus.fr\\\/\"},{\"@type\":\"ListItem\",\"position\":2,\"name\":\"Politique de confidentialit\u00e9\"}]},{\"@type\":\"WebSite\",\"@id\":\"https:\\\/\\\/enviplus.fr\\\/#website\",\"url\":\"https:\\\/\\\/enviplus.fr\\\/\",\"name\":\"Enviplus\",\"description\":\"Tremplin humain\",\"publisher\":{\"@id\":\"https:\\\/\\\/enviplus.fr\\\/#organization\"},\"potentialAction\":[{\"@type\":\"SearchAction\",\"target\":{\"@type\":\"EntryPoint\",\"urlTemplate\":\"https:\\\/\\\/enviplus.fr\\\/?s={search_term_string}\"},\"query-input\":{\"@type\":\"PropertyValueSpecification\",\"valueRequired\":true,\"valueName\":\"search_term_string\"}}],\"inLanguage\":\"fr-FR\"},{\"@type\":\"Organization\",\"@id\":\"https:\\\/\\\/enviplus.fr\\\/#organization\",\"name\":\"Enviplus\",\"url\":\"https:\\\/\\\/enviplus.fr\\\/\",\"logo\":{\"@type\":\"ImageObject\",\"inLanguage\":\"fr-FR\",\"@id\":\"https:\\\/\\\/enviplus.fr\\\/#\\\/schema\\\/logo\\\/image\\\/\",\"url\":\"https:\\\/\\\/enviplus.fr\\\/wp-content\\\/uploads\\\/2021\\\/11\\\/enviplus32x32HD.png\",\"contentUrl\":\"https:\\\/\\\/enviplus.fr\\\/wp-content\\\/uploads\\\/2021\\\/11\\\/enviplus32x32HD.png\",\"width\":130,\"height\":99,\"caption\":\"Enviplus\"},\"image\":{\"@id\":\"https:\\\/\\\/enviplus.fr\\\/#\\\/schema\\\/logo\\\/image\\\/\"},\"sameAs\":[\"https:\\\/\\\/www.facebook.com\\\/enviplus47\"]}]}<\/script>\n<!-- \/ Yoast SEO plugin. -->","yoast_head_json":{"title":"Politique de confidentialit\u00e9 - Enviplus","robots":{"index":"index","follow":"follow","max-snippet":"max-snippet:-1","max-image-preview":"max-image-preview:large","max-video-preview":"max-video-preview:-1"},"canonical":"https:\/\/enviplus.fr\/index.php\/politique-de-confidentialite\/","og_locale":"fr_FR","og_type":"article","og_title":"Politique de confidentialit\u00e9 - Enviplus","og_description":"Politique de confidentialit\u00e9 site internet\u00a0\u00a0https:\/\/enviplus.fr Identit\u00e9 et coordonn\u00e9es\u00a0de l\u2019organisme : Association Environnement plus Chemin du Roc, 47200 Marmande Mail\u00a0:\u00a0directeur.enviplus@gmail.Com T\u00e9l.\u00a0: +33 (05) 53 89 19 15 Coordonn\u00e9es du d\u00e9l\u00e9gu\u00e9 \u00e0 la protection des donn\u00e9es : Jules Henri Gonzales Chemin du ROc \u2013 47200 Marmande Mail&nbsp;:&nbsp;directeur.enviplus@gmail.Com T\u00e9l.&nbsp;: +33 (05) 53 89 19 15 Donn\u00e9es personnelles r\u00e9colt\u00e9s\u00a0:&hellip;","og_url":"https:\/\/enviplus.fr\/index.php\/politique-de-confidentialite\/","og_site_name":"Enviplus","article_publisher":"https:\/\/www.facebook.com\/enviplus47","article_modified_time":"2022-09-20T08:53:59+00:00","twitter_card":"summary_large_image","twitter_misc":{"Dur\u00e9e de lecture estim\u00e9e":"4 minutes"},"schema":{"@context":"https:\/\/schema.org","@graph":[{"@type":"WebPage","@id":"https:\/\/enviplus.fr\/index.php\/politique-de-confidentialite\/","url":"https:\/\/enviplus.fr\/index.php\/politique-de-confidentialite\/","name":"Politique de confidentialit\u00e9 - Enviplus","isPartOf":{"@id":"https:\/\/enviplus.fr\/#website"},"datePublished":"2021-10-21T17:08:03+00:00","dateModified":"2022-09-20T08:53:59+00:00","breadcrumb":{"@id":"https:\/\/enviplus.fr\/index.php\/politique-de-confidentialite\/#breadcrumb"},"inLanguage":"fr-FR","potentialAction":[{"@type":"ReadAction","target":["https:\/\/enviplus.fr\/index.php\/politique-de-confidentialite\/"]}]},{"@type":"BreadcrumbList","@id":"https:\/\/enviplus.fr\/index.php\/politique-de-confidentialite\/#breadcrumb","itemListElement":[{"@type":"ListItem","position":1,"name":"Home","item":"https:\/\/enviplus.fr\/"},{"@type":"ListItem","position":2,"name":"Politique de confidentialit\u00e9"}]},{"@type":"WebSite","@id":"https:\/\/enviplus.fr\/#website","url":"https:\/\/enviplus.fr\/","name":"Enviplus","description":"Tremplin humain","publisher":{"@id":"https:\/\/enviplus.fr\/#organization"},"potentialAction":[{"@type":"SearchAction","target":{"@type":"EntryPoint","urlTemplate":"https:\/\/enviplus.fr\/?s={search_term_string}"},"query-input":{"@type":"PropertyValueSpecification","valueRequired":true,"valueName":"search_term_string"}}],"inLanguage":"fr-FR"},{"@type":"Organization","@id":"https:\/\/enviplus.fr\/#organization","name":"Enviplus","url":"https:\/\/enviplus.fr\/","logo":{"@type":"ImageObject","inLanguage":"fr-FR","@id":"https:\/\/enviplus.fr\/#\/schema\/logo\/image\/","url":"https:\/\/enviplus.fr\/wp-content\/uploads\/2021\/11\/enviplus32x32HD.png","contentUrl":"https:\/\/enviplus.fr\/wp-content\/uploads\/2021\/11\/enviplus32x32HD.png","width":130,"height":99,"caption":"Enviplus"},"image":{"@id":"https:\/\/enviplus.fr\/#\/schema\/logo\/image\/"},"sameAs":["https:\/\/www.facebook.com\/enviplus47"]}]}},"_links":{"self":[{"href":"https:\/\/enviplus.fr\/index.php\/wp-json\/wp\/v2\/pages\/3","targetHints":{"allow":["GET"]}}],"collection":[{"href":"https:\/\/enviplus.fr\/index.php\/wp-json\/wp\/v2\/pages"}],"about":[{"href":"https:\/\/enviplus.fr\/index.php\/wp-json\/wp\/v2\/types\/page"}],"author":[{"embeddable":true,"href":"https:\/\/enviplus.fr\/index.php\/wp-json\/wp\/v2\/users\/1"}],"replies":[{"embeddable":true,"href":"https:\/\/enviplus.fr\/index.php\/wp-json\/wp\/v2\/comments?post=3"}],"version-history":[{"count":2,"href":"https:\/\/enviplus.fr\/index.php\/wp-json\/wp\/v2\/pages\/3\/revisions"}],"predecessor-version":[{"id":6936,"href":"https:\/\/enviplus.fr\/index.php\/wp-json\/wp\/v2\/pages\/3\/revisions\/6936"}],"wp:attachment":[{"href":"https:\/\/enviplus.fr\/index.php\/wp-json\/wp\/v2\/media?parent=3"}],"curies":[{"name":"wp","href":"https:\/\/api.w.org\/{rel}","templated":true}]}}